{"id":3519,"date":"2023-07-21T08:08:30","date_gmt":"2023-07-21T11:08:30","guid":{"rendered":"https:\/\/lidertecsa.com.ar\/catalogo\/?page_id=3519"},"modified":"2023-07-21T08:15:50","modified_gmt":"2023-07-21T11:15:50","slug":"bolsos-y-aerosoles","status":"publish","type":"page","link":"https:\/\/lidertecsa.com.ar\/catalogo\/mota\/bolsos-y-aerosoles\/","title":{"rendered":"Bolsos y aerosoles"},"content":{"rendered":"<div class=\"wp-block-columns alignwide is-layout-flex wp-container-core-columns-is-layout-1 wp-block-columns-is-layout-flex\"><div class=\"wp-block-column is-layout-flow wp-block-column-is-layout-flow\" style=\"flex-basis:20%\"><ul class=\"wp-block-list\"><li><a href=\"https:\/\/lidertecsa.com.ar\/catalogo\/mota\/bolsos-y-aerosoles\/\">Bolsos y Aerosoles<\/a><\/li>\n\n<li><a href=\"https:\/\/lidertecsa.com.ar\/catalogo\/mota\/discos-sierras-cepillos-y-cinceles\/\">Discos, Sierras, Cepillos y Cinceles<\/a><\/li>\n\n<li><a href=\"https:\/\/lidertecsa.com.ar\/catalogo\/mota\/herramientas-de-medicion\/\">Herramientas de Medici\u00f3n<\/a><\/li>\n\n<li><a href=\"https:\/\/lidertecsa.com.ar\/catalogo\/mota\/herramientas-manuales\/\">Herramientas Manuales<\/a><\/li>\n\n<li><a href=\"https:\/\/lidertecsa.com.ar\/catalogo\/mota\/herramientas-neumaticas\/\">Herramientas neum\u00e1ticas y Pistolas de Pintar<\/a><\/li><\/ul><\/div>\n\n<div class=\"wp-block-column is-layout-flow wp-block-column-is-layout-flow\" style=\"flex-basis:80%\"><div class=\"woocommerce columns-3 \"><div class=\"storefront-sorting\"><div class=\"woocommerce-notices-wrapper\"><\/div><form class=\"woocommerce-ordering\" method=\"get\">\n\t<select name=\"orderby\" class=\"orderby\" aria-label=\"Pedido de la tienda\">\n\t\t\t\t\t<option value=\"menu_order\"  selected='selected'>Orden predeterminado<\/option>\n\t\t\t\t\t<option value=\"popularity\" >Ordenar por popularidad<\/option>\n\t\t\t\t\t<option value=\"date\" >Ordenar por los \u00faltimos<\/option>\n\t\t\t\t\t<option value=\"price\" >Ordenar por precio: bajo a alto<\/option>\n\t\t\t\t\t<option value=\"price-desc\" >Ordenar por precio: alto a bajo<\/option>\n\t\t\t<\/select>\n\t<input type=\"hidden\" name=\"paged\" value=\"1\" \/>\n\t<\/form>\n<p class=\"woocommerce-result-count\" >\n\tMostrando los 13 resultados<\/p>\n<\/div><ul class=\"products columns-3\">\n<li class=\"product type-product post-2052 status-publish first instock product_cat-bolsos product_tag-bolso has-post-thumbnail taxable shipping-taxable product-type-simple\">\n\t<a href=\"https:\/\/lidertecsa.com.ar\/catalogo\/producto\/bolso-p-herramientas-14-bolsillos-doble-ancho\/\" class=\"woocommerce-LoopProduct-link woocommerce-loop-product__link\"><img decoding=\"async\" width=\"287\" height=\"224\" src=\"https:\/\/lidertecsa.com.ar\/catalogo\/wp-content\/uploads\/2023\/06\/bolso_14bolsillos.jpg\" class=\"attachment-woocommerce_thumbnail size-woocommerce_thumbnail\" alt=\"\" \/><h2 class=\"woocommerce-loop-product__title\">Bolso P\/ Herramientas &#8211; 14 Bolsillos  Doble Ancho<\/h2>\n\t<span class=\"price\">ARS <\/span>\n<\/a><a href=\"https:\/\/lidertecsa.com.ar\/catalogo\/producto\/bolso-p-herramientas-14-bolsillos-doble-ancho\/\" aria-describedby=\"woocommerce_loop_add_to_cart_link_describedby_2052\" data-quantity=\"1\" class=\"button product_type_simple\" data-product_id=\"2052\" data-product_sku=\"BZ04\" aria-label=\"Lee m\u00e1s sobre &ldquo;Bolso P\/ Herramientas - 14 Bolsillos  Doble Ancho&rdquo;\" rel=\"nofollow\" data-success_message=\"\">Leer m\u00e1s<\/a>\t<span id=\"woocommerce_loop_add_to_cart_link_describedby_2052\" class=\"screen-reader-text\">\n\t\t\t<\/span>\n<\/li>\n<li class=\"product type-product post-2047 status-publish instock product_cat-bolsos product_tag-bolso has-post-thumbnail taxable shipping-taxable product-type-simple\">\n\t<a href=\"https:\/\/lidertecsa.com.ar\/catalogo\/producto\/bolso-p-herramientas-21-bolsillos\/\" class=\"woocommerce-LoopProduct-link woocommerce-loop-product__link\"><img decoding=\"async\" width=\"230\" height=\"232\" src=\"https:\/\/lidertecsa.com.ar\/catalogo\/wp-content\/uploads\/2023\/06\/bolso_24bolsillos.jpg\" class=\"attachment-woocommerce_thumbnail size-woocommerce_thumbnail\" alt=\"\" srcset=\"https:\/\/lidertecsa.com.ar\/catalogo\/wp-content\/uploads\/2023\/06\/bolso_24bolsillos.jpg 230w, https:\/\/lidertecsa.com.ar\/catalogo\/wp-content\/uploads\/2023\/06\/bolso_24bolsillos-150x150.jpg 150w, https:\/\/lidertecsa.com.ar\/catalogo\/wp-content\/uploads\/2023\/06\/bolso_24bolsillos-100x100.jpg 100w\" sizes=\"(max-width: 230px) 100vw, 230px\" \/><h2 class=\"woocommerce-loop-product__title\">Bolso P\/ Herramientas &#8211; 21 Bolsillos<\/h2>\n\t<span class=\"price\">ARS <\/span>\n<\/a><a href=\"https:\/\/lidertecsa.com.ar\/catalogo\/producto\/bolso-p-herramientas-21-bolsillos\/\" aria-describedby=\"woocommerce_loop_add_to_cart_link_describedby_2047\" data-quantity=\"1\" class=\"button product_type_simple\" data-product_id=\"2047\" data-product_sku=\"BZ01\" aria-label=\"Lee m\u00e1s sobre &ldquo;Bolso P\/ Herramientas - 21 Bolsillos&rdquo;\" rel=\"nofollow\" data-success_message=\"\">Leer m\u00e1s<\/a>\t<span id=\"woocommerce_loop_add_to_cart_link_describedby_2047\" class=\"screen-reader-text\">\n\t\t\t<\/span>\n<\/li>\n<li class=\"product type-product post-2049 status-publish last instock product_cat-bolsos product_tag-bolso has-post-thumbnail taxable shipping-taxable product-type-simple\">\n\t<a href=\"https:\/\/lidertecsa.com.ar\/catalogo\/producto\/bolso-p-herramientas-24-bolsillos\/\" class=\"woocommerce-LoopProduct-link woocommerce-loop-product__link\"><img decoding=\"async\" width=\"250\" height=\"264\" src=\"https:\/\/lidertecsa.com.ar\/catalogo\/wp-content\/uploads\/2023\/06\/bolso_21bolsillos.jpg\" class=\"attachment-woocommerce_thumbnail size-woocommerce_thumbnail\" alt=\"\" \/><h2 class=\"woocommerce-loop-product__title\">Bolso P\/ Herramientas &#8211; 24 Bolsillos<\/h2>\n\t<span class=\"price\">ARS <\/span>\n<\/a><a href=\"https:\/\/lidertecsa.com.ar\/catalogo\/producto\/bolso-p-herramientas-24-bolsillos\/\" aria-describedby=\"woocommerce_loop_add_to_cart_link_describedby_2049\" data-quantity=\"1\" class=\"button product_type_simple\" data-product_id=\"2049\" data-product_sku=\"BZ02\" aria-label=\"Lee m\u00e1s sobre &ldquo;Bolso P\/ Herramientas - 24 Bolsillos&rdquo;\" rel=\"nofollow\" data-success_message=\"\">Leer m\u00e1s<\/a>\t<span id=\"woocommerce_loop_add_to_cart_link_describedby_2049\" class=\"screen-reader-text\">\n\t\t\t<\/span>\n<\/li>\n<li class=\"product type-product post-2051 status-publish first instock product_cat-bolsos product_tag-bolso has-post-thumbnail taxable shipping-taxable product-type-simple\">\n\t<a href=\"https:\/\/lidertecsa.com.ar\/catalogo\/producto\/bolso-p-herramientas-28-bolsillos\/\" class=\"woocommerce-LoopProduct-link woocommerce-loop-product__link\"><img decoding=\"async\" width=\"250\" height=\"264\" src=\"https:\/\/lidertecsa.com.ar\/catalogo\/wp-content\/uploads\/2023\/06\/bolso_21bolsillos.jpg\" class=\"attachment-woocommerce_thumbnail size-woocommerce_thumbnail\" alt=\"\" \/><h2 class=\"woocommerce-loop-product__title\">Bolso P\/ Herramientas &#8211; 28 Bolsillos<\/h2>\n\t<span class=\"price\">ARS <\/span>\n<\/a><a href=\"https:\/\/lidertecsa.com.ar\/catalogo\/producto\/bolso-p-herramientas-28-bolsillos\/\" aria-describedby=\"woocommerce_loop_add_to_cart_link_describedby_2051\" data-quantity=\"1\" class=\"button product_type_simple\" data-product_id=\"2051\" data-product_sku=\"BZ03\" aria-label=\"Lee m\u00e1s sobre &ldquo;Bolso P\/ Herramientas - 28 Bolsillos&rdquo;\" rel=\"nofollow\" data-success_message=\"\">Leer m\u00e1s<\/a>\t<span id=\"woocommerce_loop_add_to_cart_link_describedby_2051\" class=\"screen-reader-text\">\n\t\t\t<\/span>\n<\/li>\n<li class=\"product type-product post-3045 status-publish instock product_cat-aerosoles product_tag-limpia-contactos has-post-thumbnail taxable shipping-taxable product-type-simple\">\n\t<a href=\"https:\/\/lidertecsa.com.ar\/catalogo\/producto\/limpia-contactos-mota\/\" class=\"woocommerce-LoopProduct-link woocommerce-loop-product__link\"><img decoding=\"async\" width=\"324\" height=\"324\" src=\"https:\/\/lidertecsa.com.ar\/catalogo\/wp-content\/uploads\/2023\/07\/FLYER_LIMPIA-CONTACTOS-324x324.jpg\" class=\"attachment-woocommerce_thumbnail size-woocommerce_thumbnail\" alt=\"\" srcset=\"https:\/\/lidertecsa.com.ar\/catalogo\/wp-content\/uploads\/2023\/07\/FLYER_LIMPIA-CONTACTOS-324x324.jpg 324w, https:\/\/lidertecsa.com.ar\/catalogo\/wp-content\/uploads\/2023\/07\/FLYER_LIMPIA-CONTACTOS-150x150.jpg 150w, https:\/\/lidertecsa.com.ar\/catalogo\/wp-content\/uploads\/2023\/07\/FLYER_LIMPIA-CONTACTOS-100x100.jpg 100w\" sizes=\"(max-width: 324px) 100vw, 324px\" \/><h2 class=\"woocommerce-loop-product__title\">Limpia Contactos Mota<\/h2>\n\t<span class=\"price\">ARS <\/span>\n<\/a><a href=\"https:\/\/lidertecsa.com.ar\/catalogo\/producto\/limpia-contactos-mota\/\" aria-describedby=\"woocommerce_loop_add_to_cart_link_describedby_3045\" data-quantity=\"1\" class=\"button product_type_simple\" data-product_id=\"3045\" data-product_sku=\"LC02\" aria-label=\"Lee m\u00e1s sobre &ldquo;Limpia Contactos Mota&rdquo;\" rel=\"nofollow\" data-success_message=\"\">Leer m\u00e1s<\/a>\t<span id=\"woocommerce_loop_add_to_cart_link_describedby_3045\" class=\"screen-reader-text\">\n\t\t\t<\/span>\n<\/li>\n<li class=\"product type-product post-3042 status-publish last instock product_cat-aerosoles product_tag-lubricante-en-aerosol has-post-thumbnail taxable shipping-taxable product-type-simple\">\n\t<a href=\"https:\/\/lidertecsa.com.ar\/catalogo\/producto\/lubrimota\/\" class=\"woocommerce-LoopProduct-link woocommerce-loop-product__link\"><img decoding=\"async\" width=\"324\" height=\"324\" src=\"https:\/\/lidertecsa.com.ar\/catalogo\/wp-content\/uploads\/2023\/07\/LUBRIMOTA-324x324.jpg\" class=\"attachment-woocommerce_thumbnail size-woocommerce_thumbnail\" alt=\"\" srcset=\"https:\/\/lidertecsa.com.ar\/catalogo\/wp-content\/uploads\/2023\/07\/LUBRIMOTA-324x324.jpg 324w, https:\/\/lidertecsa.com.ar\/catalogo\/wp-content\/uploads\/2023\/07\/LUBRIMOTA-150x150.jpg 150w, https:\/\/lidertecsa.com.ar\/catalogo\/wp-content\/uploads\/2023\/07\/LUBRIMOTA-100x100.jpg 100w\" sizes=\"(max-width: 324px) 100vw, 324px\" \/><h2 class=\"woocommerce-loop-product__title\">LUBRIMOTA<\/h2>\n\t<span class=\"price\">ARS <\/span>\n<\/a><a href=\"https:\/\/lidertecsa.com.ar\/catalogo\/producto\/lubrimota\/\" aria-describedby=\"woocommerce_loop_add_to_cart_link_describedby_3042\" data-quantity=\"1\" class=\"button product_type_simple\" data-product_id=\"3042\" data-product_sku=\"LUBRIMOTA\" aria-label=\"Lee m\u00e1s sobre &ldquo;LUBRIMOTA&rdquo;\" rel=\"nofollow\" data-success_message=\"\">Leer m\u00e1s<\/a>\t<span id=\"woocommerce_loop_add_to_cart_link_describedby_3042\" class=\"screen-reader-text\">\n\t\t\t<\/span>\n<\/li>\n<li class=\"product type-product post-2063 status-publish first instock product_cat-bolsos product_tag-maletin has-post-thumbnail taxable shipping-taxable product-type-simple\">\n\t<a href=\"https:\/\/lidertecsa.com.ar\/catalogo\/producto\/maletin-14-bolsillos\/\" class=\"woocommerce-LoopProduct-link woocommerce-loop-product__link\"><img decoding=\"async\" width=\"200\" height=\"192\" src=\"https:\/\/lidertecsa.com.ar\/catalogo\/wp-content\/uploads\/2023\/06\/maletin_frente.jpg\" class=\"attachment-woocommerce_thumbnail size-woocommerce_thumbnail\" alt=\"\" \/><h2 class=\"woocommerce-loop-product__title\">Maletin &#8211; 14 bolsillos<\/h2>\n\t<span class=\"price\">ARS <\/span>\n<\/a><a href=\"https:\/\/lidertecsa.com.ar\/catalogo\/producto\/maletin-14-bolsillos\/\" aria-describedby=\"woocommerce_loop_add_to_cart_link_describedby_2063\" data-quantity=\"1\" class=\"button product_type_simple\" data-product_id=\"2063\" data-product_sku=\"BZ13\" aria-label=\"Lee m\u00e1s sobre &ldquo;Maletin - 14 bolsillos&rdquo;\" rel=\"nofollow\" data-success_message=\"\">Leer m\u00e1s<\/a>\t<span id=\"woocommerce_loop_add_to_cart_link_describedby_2063\" class=\"screen-reader-text\">\n\t\t\t<\/span>\n<\/li>\n<li class=\"product type-product post-2061 status-publish instock product_cat-bolsos product_tag-maletin has-post-thumbnail taxable shipping-taxable product-type-simple\">\n\t<a href=\"https:\/\/lidertecsa.com.ar\/catalogo\/producto\/maletin-7-bolsillos\/\" class=\"woocommerce-LoopProduct-link woocommerce-loop-product__link\"><img decoding=\"async\" width=\"200\" height=\"192\" src=\"https:\/\/lidertecsa.com.ar\/catalogo\/wp-content\/uploads\/2023\/06\/maletin_frente.jpg\" class=\"attachment-woocommerce_thumbnail size-woocommerce_thumbnail\" alt=\"\" \/><h2 class=\"woocommerce-loop-product__title\">Maletin &#8211; 7 bolsillos<\/h2>\n\t<span class=\"price\">ARS <\/span>\n<\/a><a href=\"https:\/\/lidertecsa.com.ar\/catalogo\/producto\/maletin-7-bolsillos\/\" aria-describedby=\"woocommerce_loop_add_to_cart_link_describedby_2061\" data-quantity=\"1\" class=\"button product_type_simple\" data-product_id=\"2061\" data-product_sku=\"BZ14\" aria-label=\"Lee m\u00e1s sobre &ldquo;Maletin - 7 bolsillos&rdquo;\" rel=\"nofollow\" data-success_message=\"\">Leer m\u00e1s<\/a>\t<span id=\"woocommerce_loop_add_to_cart_link_describedby_2061\" class=\"screen-reader-text\">\n\t\t\t<\/span>\n<\/li>\n<li class=\"product type-product post-2058 status-publish last instock product_cat-bolsos product_tag-mochila has-post-thumbnail taxable shipping-taxable product-type-simple\">\n\t<a href=\"https:\/\/lidertecsa.com.ar\/catalogo\/producto\/mochila-23-bolsillos\/\" class=\"woocommerce-LoopProduct-link woocommerce-loop-product__link\"><img decoding=\"async\" width=\"200\" height=\"285\" src=\"https:\/\/lidertecsa.com.ar\/catalogo\/wp-content\/uploads\/2023\/06\/mochila_grande_frente.jpg\" class=\"attachment-woocommerce_thumbnail size-woocommerce_thumbnail\" alt=\"\" \/><h2 class=\"woocommerce-loop-product__title\">Mochila &#8211; 23 bolsillos<\/h2>\n\t<span class=\"price\">ARS <\/span>\n<\/a><a href=\"https:\/\/lidertecsa.com.ar\/catalogo\/producto\/mochila-23-bolsillos\/\" aria-describedby=\"woocommerce_loop_add_to_cart_link_describedby_2058\" data-quantity=\"1\" class=\"button product_type_simple\" data-product_id=\"2058\" data-product_sku=\"BZ12\" aria-label=\"Lee m\u00e1s sobre &ldquo;Mochila - 23 bolsillos&rdquo;\" rel=\"nofollow\" data-success_message=\"\">Leer m\u00e1s<\/a>\t<span id=\"woocommerce_loop_add_to_cart_link_describedby_2058\" class=\"screen-reader-text\">\n\t\t\t<\/span>\n<\/li>\n<li class=\"product type-product post-2064 status-publish first instock product_cat-bolsos product_tag-morral has-post-thumbnail taxable shipping-taxable product-type-simple\">\n\t<a href=\"https:\/\/lidertecsa.com.ar\/catalogo\/producto\/morral-impermeable-28-bolsillos\/\" class=\"woocommerce-LoopProduct-link woocommerce-loop-product__link\"><img decoding=\"async\" width=\"200\" height=\"213\" src=\"https:\/\/lidertecsa.com.ar\/catalogo\/wp-content\/uploads\/2023\/06\/BZ15_calado.jpg\" class=\"attachment-woocommerce_thumbnail size-woocommerce_thumbnail\" alt=\"\" \/><h2 class=\"woocommerce-loop-product__title\">Morral Impermeable &#8211; 28 Bolsillos<\/h2>\n\t<span class=\"price\">ARS <\/span>\n<\/a><a href=\"https:\/\/lidertecsa.com.ar\/catalogo\/producto\/morral-impermeable-28-bolsillos\/\" aria-describedby=\"woocommerce_loop_add_to_cart_link_describedby_2064\" data-quantity=\"1\" class=\"button product_type_simple\" data-product_id=\"2064\" data-product_sku=\"BZ15\" aria-label=\"Lee m\u00e1s sobre &ldquo;Morral Impermeable - 28 Bolsillos&rdquo;\" rel=\"nofollow\" data-success_message=\"\">Leer m\u00e1s<\/a>\t<span id=\"woocommerce_loop_add_to_cart_link_describedby_2064\" class=\"screen-reader-text\">\n\t\t\t<\/span>\n<\/li>\n<li class=\"product type-product post-2054 status-publish instock product_cat-bolsos product_tag-morral has-post-thumbnail taxable shipping-taxable product-type-simple\">\n\t<a href=\"https:\/\/lidertecsa.com.ar\/catalogo\/producto\/morral-p-herramientas\/\" class=\"woocommerce-LoopProduct-link woocommerce-loop-product__link\"><img decoding=\"async\" width=\"287\" height=\"277\" src=\"https:\/\/lidertecsa.com.ar\/catalogo\/wp-content\/uploads\/2023\/06\/morral.jpg\" class=\"attachment-woocommerce_thumbnail size-woocommerce_thumbnail\" alt=\"\" \/><h2 class=\"woocommerce-loop-product__title\">Morral P\/ Herramientas<\/h2>\n\t<span class=\"price\">ARS <\/span>\n<\/a><a href=\"https:\/\/lidertecsa.com.ar\/catalogo\/producto\/morral-p-herramientas\/\" aria-describedby=\"woocommerce_loop_add_to_cart_link_describedby_2054\" data-quantity=\"1\" class=\"button product_type_simple\" data-product_id=\"2054\" data-product_sku=\"BZ06\" aria-label=\"Lee m\u00e1s sobre &ldquo;Morral P\/ Herramientas&rdquo;\" rel=\"nofollow\" data-success_message=\"\">Leer m\u00e1s<\/a>\t<span id=\"woocommerce_loop_add_to_cart_link_describedby_2054\" class=\"screen-reader-text\">\n\t\t\t<\/span>\n<\/li>\n<li class=\"product type-product post-3040 status-publish last instock product_cat-aerosoles product_tag-pintura-en-aerosol has-post-thumbnail taxable shipping-taxable product-type-simple\">\n\t<a href=\"https:\/\/lidertecsa.com.ar\/catalogo\/producto\/pintura-acrilica-de-rapido-secado\/\" class=\"woocommerce-LoopProduct-link woocommerce-loop-product__link\"><img decoding=\"async\" width=\"324\" height=\"324\" src=\"https:\/\/lidertecsa.com.ar\/catalogo\/wp-content\/uploads\/2023\/07\/ARTMOTA_2022-324x324.jpg\" class=\"attachment-woocommerce_thumbnail size-woocommerce_thumbnail\" alt=\"\" srcset=\"https:\/\/lidertecsa.com.ar\/catalogo\/wp-content\/uploads\/2023\/07\/ARTMOTA_2022-324x324.jpg 324w, https:\/\/lidertecsa.com.ar\/catalogo\/wp-content\/uploads\/2023\/07\/ARTMOTA_2022-150x150.jpg 150w, https:\/\/lidertecsa.com.ar\/catalogo\/wp-content\/uploads\/2023\/07\/ARTMOTA_2022-100x100.jpg 100w\" sizes=\"(max-width: 324px) 100vw, 324px\" \/><h2 class=\"woocommerce-loop-product__title\">Pintura Acr\u00edlica de R\u00e1pido Secado<\/h2>\n\t<span class=\"price\">ARS <\/span>\n<\/a><a href=\"https:\/\/lidertecsa.com.ar\/catalogo\/producto\/pintura-acrilica-de-rapido-secado\/\" aria-describedby=\"woocommerce_loop_add_to_cart_link_describedby_3040\" data-quantity=\"1\" class=\"button product_type_simple\" data-product_id=\"3040\" data-product_sku=\"ARTMOTA\" aria-label=\"Lee m\u00e1s sobre &ldquo;Pintura Acr\u00edlica de R\u00e1pido Secado&rdquo;\" rel=\"nofollow\" data-success_message=\"\">Leer m\u00e1s<\/a>\t<span id=\"woocommerce_loop_add_to_cart_link_describedby_3040\" class=\"screen-reader-text\">\n\t\t\t<\/span>\n<\/li>\n<li class=\"product type-product post-2056 status-publish first instock product_cat-bolsos product_tag-porta-taladro has-post-thumbnail taxable shipping-taxable product-type-simple\">\n\t<a href=\"https:\/\/lidertecsa.com.ar\/catalogo\/producto\/porta-taladro\/\" class=\"woocommerce-LoopProduct-link woocommerce-loop-product__link\"><img decoding=\"async\" width=\"290\" height=\"265\" src=\"https:\/\/lidertecsa.com.ar\/catalogo\/wp-content\/uploads\/2023\/06\/portataladro.jpg\" class=\"attachment-woocommerce_thumbnail size-woocommerce_thumbnail\" alt=\"\" \/><h2 class=\"woocommerce-loop-product__title\">Porta Taladro<\/h2>\n\t<span class=\"price\">ARS <\/span>\n<\/a><a href=\"https:\/\/lidertecsa.com.ar\/catalogo\/producto\/porta-taladro\/\" aria-describedby=\"woocommerce_loop_add_to_cart_link_describedby_2056\" data-quantity=\"1\" class=\"button product_type_simple\" data-product_id=\"2056\" data-product_sku=\"BZ07\" aria-label=\"Lee m\u00e1s sobre &ldquo;Porta Taladro&rdquo;\" rel=\"nofollow\" data-success_message=\"\">Leer m\u00e1s<\/a>\t<span id=\"woocommerce_loop_add_to_cart_link_describedby_2056\" class=\"screen-reader-text\">\n\t\t\t<\/span>\n<\/li>\n<\/ul>\n<div class=\"storefront-sorting\"><form class=\"woocommerce-ordering\" method=\"get\">\n\t<select name=\"orderby\" class=\"orderby\" aria-label=\"Pedido de la tienda\">\n\t\t\t\t\t<option value=\"menu_order\"  selected='selected'>Orden predeterminado<\/option>\n\t\t\t\t\t<option value=\"popularity\" >Ordenar por popularidad<\/option>\n\t\t\t\t\t<option value=\"date\" >Ordenar por los \u00faltimos<\/option>\n\t\t\t\t\t<option value=\"price\" >Ordenar por precio: bajo a alto<\/option>\n\t\t\t\t\t<option value=\"price-desc\" >Ordenar por precio: alto a bajo<\/option>\n\t\t\t<\/select>\n\t<input type=\"hidden\" name=\"paged\" value=\"1\" \/>\n\t<\/form>\n<p class=\"woocommerce-result-count\" >\n\tMostrando los 13 resultados<\/p>\n<\/div><\/div><\/div><\/div>","protected":false},"excerpt":{"rendered":"","protected":false},"author":2,"featured_media":0,"parent":3004,"menu_order":0,"comment_status":"closed","ping_status":"closed","template":"","meta":{"_joinchat":[],"footnotes":""},"class_list":["post-3519","page","type-page","status-publish","hentry"],"_links":{"self":[{"href":"https:\/\/lidertecsa.com.ar\/catalogo\/wp-json\/wp\/v2\/pages\/3519"}],"collection":[{"href":"https:\/\/lidertecsa.com.ar\/catalogo\/wp-json\/wp\/v2\/pages"}],"about":[{"href":"https:\/\/lidertecsa.com.ar\/catalogo\/wp-json\/wp\/v2\/types\/page"}],"author":[{"embeddable":true,"href":"https:\/\/lidertecsa.com.ar\/catalogo\/wp-json\/wp\/v2\/users\/2"}],"replies":[{"embeddable":true,"href":"https:\/\/lidertecsa.com.ar\/catalogo\/wp-json\/wp\/v2\/comments?post=3519"}],"version-history":[{"count":0,"href":"https:\/\/lidertecsa.com.ar\/catalogo\/wp-json\/wp\/v2\/pages\/3519\/revisions"}],"up":[{"embeddable":true,"href":"https:\/\/lidertecsa.com.ar\/catalogo\/wp-json\/wp\/v2\/pages\/3004"}],"wp:attachment":[{"href":"https:\/\/lidertecsa.com.ar\/catalogo\/wp-json\/wp\/v2\/media?parent=3519"}],"curies":[{"name":"wp","href":"https:\/\/api.w.org\/{rel}","templated":true}]}}